{"id":10238,"date":"2022-03-25T13:38:30","date_gmt":"2022-03-25T13:38:30","guid":{"rendered":"https:\/\/koivusolutions.com\/?page_id=10238"},"modified":"2022-10-18T07:30:27","modified_gmt":"2022-10-18T07:30:27","slug":"palvelut","status":"publish","type":"page","link":"https:\/\/koivusolutions.com\/index.php\/fi\/palvelut\/","title":{"rendered":"Palvelut"},"content":{"rendered":"\t\t<div data-elementor-type=\"wp-page\" data-elementor-id=\"10238\" class=\"elementor elementor-10238\" data-elementor-post-type=\"page\">\n\t\t\t\t\t\t<section class=\"elementor-section elementor-top-section elementor-element elementor-element-6f4eb051 elementor-section-boxed elementor-section-height-default elementor-section-height-default\" data-id=\"6f4eb051\" data-element_type=\"section\">\n\t\t\t\t\t\t<div class=\"elementor-container elementor-column-gap-default\">\n\t\t\t\t\t<div class=\"elementor-column elementor-col-50 elementor-top-column elementor-element elementor-element-7a3aa654\" data-id=\"7a3aa654\" data-element_type=\"column\">\n\t\t\t<div class=\"elementor-widget-wrap elementor-element-populated\">\n\t\t\t\t\t\t<div class=\"elementor-element elementor-element-5c3af4b1 elementor-widget elementor-widget-heading\" data-id=\"5c3af4b1\" data-element_type=\"widget\" data-widget_type=\"heading.default\">\n\t\t\t\t<div class=\"elementor-widget-container\">\n\t\t\t<h3 class=\"elementor-heading-title elementor-size-default\">Koivun Juurisyyanalyysi<\/h3>\t\t<\/div>\n\t\t\t\t<\/div>\n\t\t\t\t<div class=\"elementor-element elementor-element-3a4ff8c elementor-widget elementor-widget-text-editor\" data-id=\"3a4ff8c\" data-element_type=\"widget\" data-widget_type=\"text-editor.default\">\n\t\t\t\t<div class=\"elementor-widget-container\">\n\t\t\t\t\t\t\t<p>Saat kolmessa p\u00e4iv\u00e4ss\u00e4 faktapohjaisen analyysin nykyisest\u00e4 hinnoitteluprosessistasi. Juurisyyanalyysin tarkoitus on:<\/p>\t\t\t\t\t\t<\/div>\n\t\t\t\t<\/div>\n\t\t\t\t<div class=\"elementor-element elementor-element-73f8124 elementor-widget elementor-widget-text-editor\" data-id=\"73f8124\" data-element_type=\"widget\" data-widget_type=\"text-editor.default\">\n\t\t\t\t<div class=\"elementor-widget-container\">\n\t\t\t\t\t\t\t<p>1. Tunnistaa nykyisen prosessin p\u00e4\u00e4haasteet<\/p>\t\t\t\t\t\t<\/div>\n\t\t\t\t<\/div>\n\t\t\t\t<div class=\"elementor-element elementor-element-2da785d elementor-widget elementor-widget-text-editor\" data-id=\"2da785d\" data-element_type=\"widget\" data-widget_type=\"text-editor.default\">\n\t\t\t\t<div class=\"elementor-widget-container\">\n\t\t\t\t\t\t\t<p>2. L\u00f6yt\u00e4\u00e4 juurisyyt<\/p>\t\t\t\t\t\t<\/div>\n\t\t\t\t<\/div>\n\t\t\t\t<div class=\"elementor-element elementor-element-5507bd9 elementor-widget elementor-widget-text-editor\" data-id=\"5507bd9\" data-element_type=\"widget\" data-widget_type=\"text-editor.default\">\n\t\t\t\t<div class=\"elementor-widget-container\">\n\t\t\t\t\t\t\t<p>3. M\u00e4\u00e4ritell\u00e4 ratkaisu ja laskea liiketoiminnalliset hy\u00f6dyt<\/p>\t\t\t\t\t\t<\/div>\n\t\t\t\t<\/div>\n\t\t\t\t\t<\/div>\n\t\t<\/div>\n\t\t\t\t<div class=\"elementor-column elementor-col-50 elementor-top-column elementor-element elementor-element-7ec94c90\" data-id=\"7ec94c90\" data-element_type=\"column\">\n\t\t\t<div class=\"elementor-widget-wrap elementor-element-populated\">\n\t\t\t\t\t\t<div class=\"elementor-element elementor-element-5c273fbf elementor-widget elementor-widget-image\" data-id=\"5c273fbf\" data-element_type=\"widget\" data-widget_type=\"image.default\">\n\t\t\t\t<div class=\"elementor-widget-container\">\n\t\t\t\t\t\t\t\t\t\t\t\t\t<img fetchpriority=\"high\" decoding=\"async\" width=\"520\" height=\"520\" src=\"https:\/\/koivusolutions.com\/wp-content\/uploads\/2022\/04\/Koivu-RootStudy.png\" class=\"attachment-full size-full wp-image-9903\" alt=\"\" srcset=\"https:\/\/koivusolutions.com\/wp-content\/uploads\/2022\/04\/Koivu-RootStudy.png 520w, https:\/\/koivusolutions.com\/wp-content\/uploads\/2022\/04\/Koivu-RootStudy-300x300.png 300w, https:\/\/koivusolutions.com\/wp-content\/uploads\/2022\/04\/Koivu-RootStudy-150x150.png 150w\" sizes=\"(max-width: 520px) 100vw, 520px\" \/>\t\t\t\t\t\t\t\t\t\t\t\t\t<\/div>\n\t\t\t\t<\/div>\n\t\t\t\t\t<\/div>\n\t\t<\/div>\n\t\t\t\t\t<\/div>\n\t\t<\/section>\n\t\t\t\t<section class=\"elementor-section elementor-top-section elementor-element elementor-element-03252e6 elementor-reverse-mobile elementor-section-boxed elementor-section-height-default elementor-section-height-default\" data-id=\"03252e6\" data-element_type=\"section\">\n\t\t\t\t\t\t<div class=\"elementor-container elementor-column-gap-default\">\n\t\t\t\t\t<div class=\"elementor-column elementor-col-50 elementor-top-column elementor-element elementor-element-e11cf5a\" data-id=\"e11cf5a\" data-element_type=\"column\">\n\t\t\t<div class=\"elementor-widget-wrap elementor-element-populated\">\n\t\t\t\t\t\t<div class=\"elementor-element elementor-element-5d4eef7 elementor-widget elementor-widget-image\" data-id=\"5d4eef7\" data-element_type=\"widget\" data-widget_type=\"image.default\">\n\t\t\t\t<div class=\"elementor-widget-container\">\n\t\t\t\t\t\t\t\t\t\t\t\t\t<img decoding=\"async\" width=\"520\" height=\"520\" src=\"https:\/\/koivusolutions.com\/wp-content\/uploads\/2022\/04\/Koivu-POC-lamp.png\" class=\"attachment-full size-full wp-image-10018\" alt=\"\" srcset=\"https:\/\/koivusolutions.com\/wp-content\/uploads\/2022\/04\/Koivu-POC-lamp.png 520w, https:\/\/koivusolutions.com\/wp-content\/uploads\/2022\/04\/Koivu-POC-lamp-300x300.png 300w, https:\/\/koivusolutions.com\/wp-content\/uploads\/2022\/04\/Koivu-POC-lamp-150x150.png 150w, https:\/\/koivusolutions.com\/wp-content\/uploads\/2022\/04\/Koivu-POC-lamp-24x24.png 24w, https:\/\/koivusolutions.com\/wp-content\/uploads\/2022\/04\/Koivu-POC-lamp-48x48.png 48w, https:\/\/koivusolutions.com\/wp-content\/uploads\/2022\/04\/Koivu-POC-lamp-96x96.png 96w\" sizes=\"(max-width: 520px) 100vw, 520px\" \/>\t\t\t\t\t\t\t\t\t\t\t\t\t<\/div>\n\t\t\t\t<\/div>\n\t\t\t\t\t<\/div>\n\t\t<\/div>\n\t\t\t\t<div class=\"elementor-column elementor-col-50 elementor-top-column elementor-element elementor-element-720b2b9\" data-id=\"720b2b9\" data-element_type=\"column\">\n\t\t\t<div class=\"elementor-widget-wrap elementor-element-populated\">\n\t\t\t\t\t\t<div class=\"elementor-element elementor-element-cd9a8bc elementor-widget elementor-widget-heading\" data-id=\"cd9a8bc\" data-element_type=\"widget\" data-widget_type=\"heading.default\">\n\t\t\t\t<div class=\"elementor-widget-container\">\n\t\t\t<h3 class=\"elementor-heading-title elementor-size-default\">Testattu konsepti (Proof of Concept)<\/h3>\t\t<\/div>\n\t\t\t\t<\/div>\n\t\t\t\t<div class=\"elementor-element elementor-element-76dd319 elementor-widget elementor-widget-text-editor\" data-id=\"76dd319\" data-element_type=\"widget\" data-widget_type=\"text-editor.default\">\n\t\t\t\t<div class=\"elementor-widget-container\">\n\t\t\t\t\t\t\t<p>Koivun testattu konsepti havainnollistaa Koivu Pricing Suiten toiminnallisuuden ja varmistaa sen sopivuuden liiketoimintasi tarpeisiin. Jos yrityksesi k\u00e4ytt\u00e4\u00e4 Exceli\u00e4 hinnoittelussa, Koivu voi rakentaa ketter\u00e4n ratkaisun pohjautuen jo olemassa oleviin hinnoittelumalleihin. T\u00e4ll\u00e4 tavalla voit hy\u00f6ty\u00e4 siit\u00e4 tietotaidosta, jota tuttu Excel-mallisi sis\u00e4lt\u00e4\u00e4.<\/p>\t\t\t\t\t\t<\/div>\n\t\t\t\t<\/div>\n\t\t\t\t\t<\/div>\n\t\t<\/div>\n\t\t\t\t\t<\/div>\n\t\t<\/section>\n\t\t\t\t<section class=\"elementor-section elementor-top-section elementor-element elementor-element-ac57a5d elementor-section-boxed elementor-section-height-default elementor-section-height-default\" data-id=\"ac57a5d\" data-element_type=\"section\">\n\t\t\t\t\t\t<div class=\"elementor-container elementor-column-gap-default\">\n\t\t\t\t\t<div class=\"elementor-column elementor-col-50 elementor-top-column elementor-element elementor-element-97ed83d\" data-id=\"97ed83d\" data-element_type=\"column\">\n\t\t\t<div class=\"elementor-widget-wrap elementor-element-populated\">\n\t\t\t\t\t\t<div class=\"elementor-element elementor-element-f2a90a2 elementor-widget elementor-widget-heading\" data-id=\"f2a90a2\" data-element_type=\"widget\" data-widget_type=\"heading.default\">\n\t\t\t\t<div class=\"elementor-widget-container\">\n\t\t\t<h3 class=\"elementor-heading-title elementor-size-default\">Prosessin ja ratkaisun m\u00e4\u00e4rittely<\/h3>\t\t<\/div>\n\t\t\t\t<\/div>\n\t\t\t\t<div class=\"elementor-element elementor-element-0b8582b elementor-widget elementor-widget-text-editor\" data-id=\"0b8582b\" data-element_type=\"widget\" data-widget_type=\"text-editor.default\">\n\t\t\t\t<div class=\"elementor-widget-container\">\n\t\t\t\t\t\t\t<p>Tiimill\u00e4mme on yli 125 vuoden kokemus liiketoiminnasta ja teknologiasta, mink\u00e4 avulla pystymme toimittamaan parhaan yhdistelm\u00e4n teknologiaa ja liiketoiminnan kehitt\u00e4mist\u00e4 ratkaistaksemme sinun haasteesi.<\/p>\t\t\t\t\t\t<\/div>\n\t\t\t\t<\/div>\n\t\t\t\t\t<\/div>\n\t\t<\/div>\n\t\t\t\t<div class=\"elementor-column elementor-col-50 elementor-top-column elementor-element elementor-element-19eadf2\" data-id=\"19eadf2\" data-element_type=\"column\">\n\t\t\t<div class=\"elementor-widget-wrap elementor-element-populated\">\n\t\t\t\t\t\t<div class=\"elementor-element elementor-element-617ee3a elementor-widget elementor-widget-image\" data-id=\"617ee3a\" data-element_type=\"widget\" data-widget_type=\"image.default\">\n\t\t\t\t<div class=\"elementor-widget-container\">\n\t\t\t\t\t\t\t\t\t\t\t\t\t<img decoding=\"async\" width=\"507\" height=\"513\" src=\"https:\/\/koivusolutions.com\/wp-content\/uploads\/2022\/04\/Koivu-Process-and-solution-definition.svg\" class=\"attachment-full size-full wp-image-10044\" alt=\"\" \/>\t\t\t\t\t\t\t\t\t\t\t\t\t<\/div>\n\t\t\t\t<\/div>\n\t\t\t\t\t<\/div>\n\t\t<\/div>\n\t\t\t\t\t<\/div>\n\t\t<\/section>\n\t\t\t\t<section class=\"elementor-section elementor-top-section elementor-element elementor-element-a374dee elementor-reverse-mobile elementor-section-boxed elementor-section-height-default elementor-section-height-default\" data-id=\"a374dee\" data-element_type=\"section\">\n\t\t\t\t\t\t<div class=\"elementor-container elementor-column-gap-default\">\n\t\t\t\t\t<div class=\"elementor-column elementor-col-50 elementor-top-column elementor-element elementor-element-3eab227\" data-id=\"3eab227\" data-element_type=\"column\">\n\t\t\t<div class=\"elementor-widget-wrap elementor-element-populated\">\n\t\t\t\t\t\t<div class=\"elementor-element elementor-element-1fd13d0 elementor-widget elementor-widget-image\" data-id=\"1fd13d0\" data-element_type=\"widget\" data-widget_type=\"image.default\">\n\t\t\t\t<div class=\"elementor-widget-container\">\n\t\t\t\t\t\t\t\t\t\t\t\t\t<img loading=\"lazy\" decoding=\"async\" width=\"514\" height=\"515\" src=\"https:\/\/koivusolutions.com\/wp-content\/uploads\/2022\/04\/Koivu-Agile-wheel.svg\" class=\"attachment-full size-full wp-image-10021\" alt=\"\" \/>\t\t\t\t\t\t\t\t\t\t\t\t\t<\/div>\n\t\t\t\t<\/div>\n\t\t\t\t\t<\/div>\n\t\t<\/div>\n\t\t\t\t<div class=\"elementor-column elementor-col-50 elementor-top-column elementor-element elementor-element-845aad4\" data-id=\"845aad4\" data-element_type=\"column\">\n\t\t\t<div class=\"elementor-widget-wrap elementor-element-populated\">\n\t\t\t\t\t\t<div class=\"elementor-element elementor-element-364c4f5 elementor-widget elementor-widget-heading\" data-id=\"364c4f5\" data-element_type=\"widget\" data-widget_type=\"heading.default\">\n\t\t\t\t<div class=\"elementor-widget-container\">\n\t\t\t<h3 class=\"elementor-heading-title elementor-size-default\">Ketter\u00e4 toteutus<\/h3>\t\t<\/div>\n\t\t\t\t<\/div>\n\t\t\t\t<div class=\"elementor-element elementor-element-c363521 elementor-widget elementor-widget-text-editor\" data-id=\"c363521\" data-element_type=\"widget\" data-widget_type=\"text-editor.default\">\n\t\t\t\t<div class=\"elementor-widget-container\">\n\t\t\t\t\t\t\t<p>K\u00e4yt\u00e4mme ketteri\u00e4 menetelmi\u00e4 projektity\u00f6ss\u00e4mme. Ketter\u00e4 toteutustapamme keskittyy ratkaisujen nopeisiin ja iteratiivisiin toimituksiin varmistaaksemme asiakkaiden tarpeita vastaavat ratkaisut.<\/p>\t\t\t\t\t\t<\/div>\n\t\t\t\t<\/div>\n\t\t\t\t\t<\/div>\n\t\t<\/div>\n\t\t\t\t\t<\/div>\n\t\t<\/section>\n\t\t\t\t<section class=\"elementor-section elementor-top-section elementor-element elementor-element-321a43b elementor-section-boxed elementor-section-height-default elementor-section-height-default\" data-id=\"321a43b\" data-element_type=\"section\">\n\t\t\t\t\t\t<div class=\"elementor-container elementor-column-gap-default\">\n\t\t\t\t\t<div class=\"elementor-column elementor-col-50 elementor-top-column elementor-element elementor-element-6390106\" data-id=\"6390106\" data-element_type=\"column\">\n\t\t\t<div class=\"elementor-widget-wrap elementor-element-populated\">\n\t\t\t\t\t\t<div class=\"elementor-element elementor-element-f4f3514 elementor-widget elementor-widget-heading\" data-id=\"f4f3514\" data-element_type=\"widget\" data-widget_type=\"heading.default\">\n\t\t\t\t<div class=\"elementor-widget-container\">\n\t\t\t<h3 class=\"elementor-heading-title elementor-size-default\">SaaS ratkaisujen kehitt\u00e4minen<\/h3>\t\t<\/div>\n\t\t\t\t<\/div>\n\t\t\t\t<div class=\"elementor-element elementor-element-805dcad elementor-widget elementor-widget-text-editor\" data-id=\"805dcad\" data-element_type=\"widget\" data-widget_type=\"text-editor.default\">\n\t\t\t\t<div class=\"elementor-widget-container\">\n\t\t\t\t\t\t\t<p>Koivu Cloud-alusta mahdollistaa nopean SaaS-ratkaisujen kehitt\u00e4misen. Voit esimerkiksi luoda asiakkaillesi k\u00e4ytt\u00f6\u00f6n itsepalvelumallisen portaalin tai toimittajillesi kollaboraatiokeskuksen.<\/p><p><a href=\"https:\/\/koivusolutions.com\/index.php\/2021\/11\/11\/data-protection-officers-trust-dpo365\/\">Ohessa tiedotteemme yhdest\u00e4 SaaS-ratkaisusta.<\/a><\/p>\t\t\t\t\t\t<\/div>\n\t\t\t\t<\/div>\n\t\t\t\t\t<\/div>\n\t\t<\/div>\n\t\t\t\t<div class=\"elementor-column elementor-col-50 elementor-top-column elementor-element elementor-element-8460c5f\" data-id=\"8460c5f\" data-element_type=\"column\">\n\t\t\t<div class=\"elementor-widget-wrap elementor-element-populated\">\n\t\t\t\t\t\t<div class=\"elementor-element elementor-element-8f5e5f0 elementor-widget elementor-widget-image\" data-id=\"8f5e5f0\" data-element_type=\"widget\" data-widget_type=\"image.default\">\n\t\t\t\t<div class=\"elementor-widget-container\">\n\t\t\t\t\t\t\t\t\t\t\t\t\t<img loading=\"lazy\" decoding=\"async\" width=\"507\" height=\"513\" src=\"https:\/\/koivusolutions.com\/wp-content\/uploads\/2022\/04\/Koivu-SaaS-development.svg\" class=\"attachment-full size-full wp-image-10023\" alt=\"\" \/>\t\t\t\t\t\t\t\t\t\t\t\t\t<\/div>\n\t\t\t\t<\/div>\n\t\t\t\t\t<\/div>\n\t\t<\/div>\n\t\t\t\t\t<\/div>\n\t\t<\/section>\n\t\t\t\t<section class=\"elementor-section elementor-top-section elementor-element elementor-element-34899b6 elementor-reverse-mobile elementor-section-boxed elementor-section-height-default elementor-section-height-default\" data-id=\"34899b6\" data-element_type=\"section\">\n\t\t\t\t\t\t<div class=\"elementor-container elementor-column-gap-default\">\n\t\t\t\t\t<div class=\"elementor-column elementor-col-50 elementor-top-column elementor-element elementor-element-e46af1b\" data-id=\"e46af1b\" data-element_type=\"column\">\n\t\t\t<div class=\"elementor-widget-wrap elementor-element-populated\">\n\t\t\t\t\t\t<div class=\"elementor-element elementor-element-f96c825 elementor-widget elementor-widget-image\" data-id=\"f96c825\" data-element_type=\"widget\" data-widget_type=\"image.default\">\n\t\t\t\t<div class=\"elementor-widget-container\">\n\t\t\t\t\t\t\t\t\t\t\t\t\t<img loading=\"lazy\" decoding=\"async\" width=\"510\" height=\"513\" src=\"https:\/\/koivusolutions.com\/wp-content\/uploads\/2022\/04\/Koivu-MachineLearning.svg\" class=\"attachment-full size-full wp-image-10024\" alt=\"\" \/>\t\t\t\t\t\t\t\t\t\t\t\t\t<\/div>\n\t\t\t\t<\/div>\n\t\t\t\t\t<\/div>\n\t\t<\/div>\n\t\t\t\t<div class=\"elementor-column elementor-col-50 elementor-top-column elementor-element elementor-element-b49bdb5\" data-id=\"b49bdb5\" data-element_type=\"column\">\n\t\t\t<div class=\"elementor-widget-wrap elementor-element-populated\">\n\t\t\t\t\t\t<div class=\"elementor-element elementor-element-a69cd7d elementor-widget elementor-widget-heading\" data-id=\"a69cd7d\" data-element_type=\"widget\" data-widget_type=\"heading.default\">\n\t\t\t\t<div class=\"elementor-widget-container\">\n\t\t\t<h3 class=\"elementor-heading-title elementor-size-default\">Teko\u00e4ly ja koneoppiminen<\/h3>\t\t<\/div>\n\t\t\t\t<\/div>\n\t\t\t\t<div class=\"elementor-element elementor-element-4615baa elementor-widget elementor-widget-text-editor\" data-id=\"4615baa\" data-element_type=\"widget\" data-widget_type=\"text-editor.default\">\n\t\t\t\t<div class=\"elementor-widget-container\">\n\t\t\t\t\t\t\t<p>Rakennamme koneoppimisen malleja ja ymm\u00e4rr\u00e4mme tekniset sek\u00e4 prosessissa vastaan tulevat haasteet, kun on tarkoitus saada idea toimivaksi malliksi. Ammattitaitomme ja ty\u00f6v\u00e4lineemme auttavat sinua muotoilemaan tietovaateet, luomaan oppimisdatan sek\u00e4 rakentamaan ratkaisuja tuottavan ty\u00f6kalun.<\/p><p><a href=\"https:\/\/koivusolutions.com\/index.php\/2020\/08\/13\/econia-eases-corona-life-with-a-free-app-that-digitizes-receipts\/\">T\u00e4ss\u00e4 yksi esimerkki.\u00a0<\/a><\/p>\t\t\t\t\t\t<\/div>\n\t\t\t\t<\/div>\n\t\t\t\t\t<\/div>\n\t\t<\/div>\n\t\t\t\t\t<\/div>\n\t\t<\/section>\n\t\t\t\t<section class=\"elementor-section elementor-top-section elementor-element elementor-element-04c64d5 elementor-section-boxed elementor-section-height-default elementor-section-height-default\" data-id=\"04c64d5\" data-element_type=\"section\">\n\t\t\t\t\t\t<div class=\"elementor-container elementor-column-gap-default\">\n\t\t\t\t\t<div class=\"elementor-column elementor-col-50 elementor-top-column elementor-element elementor-element-e410493\" data-id=\"e410493\" data-element_type=\"column\">\n\t\t\t<div class=\"elementor-widget-wrap elementor-element-populated\">\n\t\t\t\t\t\t<div class=\"elementor-element elementor-element-784ca33 elementor-widget elementor-widget-heading\" data-id=\"784ca33\" data-element_type=\"widget\" data-widget_type=\"heading.default\">\n\t\t\t\t<div class=\"elementor-widget-container\">\n\t\t\t<h3 class=\"elementor-heading-title elementor-size-default\">Tuki<\/h3>\t\t<\/div>\n\t\t\t\t<\/div>\n\t\t\t\t<div class=\"elementor-element elementor-element-2cab32e elementor-widget elementor-widget-text-editor\" data-id=\"2cab32e\" data-element_type=\"widget\" data-widget_type=\"text-editor.default\">\n\t\t\t\t<div class=\"elementor-widget-container\">\n\t\t\t\t\t\t\t<p>Asiakastyytyv\u00e4isyys on meille ykk\u00f6sasia ja suhtaudumme intohimoisesti ratkaisuihin ja tukitoimintojen laatuun. Voit luottaa asiakaspalveluumme.<\/p>\t\t\t\t\t\t<\/div>\n\t\t\t\t<\/div>\n\t\t\t\t\t<\/div>\n\t\t<\/div>\n\t\t\t\t<div class=\"elementor-column elementor-col-50 elementor-top-column elementor-element elementor-element-93815cf\" data-id=\"93815cf\" data-element_type=\"column\">\n\t\t\t<div class=\"elementor-widget-wrap elementor-element-populated\">\n\t\t\t\t\t\t<div class=\"elementor-element elementor-element-08444b3 elementor-widget elementor-widget-image\" data-id=\"08444b3\" data-element_type=\"widget\" data-widget_type=\"image.default\">\n\t\t\t\t<div class=\"elementor-widget-container\">\n\t\t\t\t\t\t\t\t\t\t\t\t\t<img loading=\"lazy\" decoding=\"async\" width=\"513\" height=\"513\" src=\"https:\/\/koivusolutions.com\/wp-content\/uploads\/2022\/04\/Koivu-Support.svg\" class=\"attachment-full size-full wp-image-10022\" alt=\"\" \/>\t\t\t\t\t\t\t\t\t\t\t\t\t<\/div>\n\t\t\t\t<\/div>\n\t\t\t\t\t<\/div>\n\t\t<\/div>\n\t\t\t\t\t<\/div>\n\t\t<\/section>\n\t\t\t\t<section class=\"elementor-section elementor-top-section elementor-element elementor-element-a0de81b elementor-reverse-mobile elementor-section-boxed elementor-section-height-default elementor-section-height-default\" data-id=\"a0de81b\" data-element_type=\"section\">\n\t\t\t\t\t\t<div class=\"elementor-container elementor-column-gap-default\">\n\t\t\t\t\t<div class=\"elementor-column elementor-col-50 elementor-top-column elementor-element elementor-element-061e1a8\" data-id=\"061e1a8\" data-element_type=\"column\">\n\t\t\t<div class=\"elementor-widget-wrap elementor-element-populated\">\n\t\t\t\t\t\t<div class=\"elementor-element elementor-element-8f46f45 elementor-widget elementor-widget-image\" data-id=\"8f46f45\" data-element_type=\"widget\" data-widget_type=\"image.default\">\n\t\t\t\t<div class=\"elementor-widget-container\">\n\t\t\t\t\t\t\t\t\t\t\t\t\t<img loading=\"lazy\" decoding=\"async\" width=\"520\" height=\"520\" src=\"https:\/\/koivusolutions.com\/wp-content\/uploads\/2022\/04\/Agile-pricing-implementation.png\" class=\"attachment-full size-full wp-image-9861\" alt=\"\" srcset=\"https:\/\/koivusolutions.com\/wp-content\/uploads\/2022\/04\/Agile-pricing-implementation.png 520w, https:\/\/koivusolutions.com\/wp-content\/uploads\/2022\/04\/Agile-pricing-implementation-300x300.png 300w, https:\/\/koivusolutions.com\/wp-content\/uploads\/2022\/04\/Agile-pricing-implementation-150x150.png 150w\" sizes=\"(max-width: 520px) 100vw, 520px\" \/>\t\t\t\t\t\t\t\t\t\t\t\t\t<\/div>\n\t\t\t\t<\/div>\n\t\t\t\t\t<\/div>\n\t\t<\/div>\n\t\t\t\t<div class=\"elementor-column elementor-col-50 elementor-top-column elementor-element elementor-element-0f23950\" data-id=\"0f23950\" data-element_type=\"column\">\n\t\t\t<div class=\"elementor-widget-wrap elementor-element-populated\">\n\t\t\t\t\t\t<div class=\"elementor-element elementor-element-1d4f4b3 elementor-widget elementor-widget-heading\" data-id=\"1d4f4b3\" data-element_type=\"widget\" data-widget_type=\"heading.default\">\n\t\t\t\t<div class=\"elementor-widget-container\">\n\t\t\t<h3 class=\"elementor-heading-title elementor-size-default\">Koivu Cloud Excel-integraatioihin<\/h3>\t\t<\/div>\n\t\t\t\t<\/div>\n\t\t\t\t<div class=\"elementor-element elementor-element-4505c7f elementor-widget elementor-widget-text-editor\" data-id=\"4505c7f\" data-element_type=\"widget\" data-widget_type=\"text-editor.default\">\n\t\t\t\t<div class=\"elementor-widget-container\">\n\t\t\t\t\t\t\t<p><a style=\"letter-spacing: 0px; text-transform: var(--the7-base-text-transform); word-spacing: normal;\" href=\"https:\/\/koivu.cloud\/\" target=\"_blank\" rel=\"noopener\">Koivu.Cloud<\/a> yhdist\u00e4\u00e4 Excelin yrityksen j\u00e4rjestelmiin innovatiivisella tavalla mahdollistaen \u201dyhden totuuden\u201d suunnittelussa ja p\u00e4\u00e4t\u00f6ksenteossa. Koivu.Cloud synkronoi datan Excelin ja yritysj\u00e4rjestelmien v\u00e4lill\u00e4 ja antaa k\u00e4ytt\u00e4j\u00e4lle mahdollisuuden jatkaa tutun Excel-k\u00e4ytt\u00f6liittym\u00e4n parissa. Tieto on tallessa Koivu.Cloudin tietokannassa \u2013 ei Excelin tiedostoissa \u2013 mik\u00e4 takaa aukottoman \u201dyhden totuuden\u201d kaikille k\u00e4ytt\u00e4jille.<\/p>\t\t\t\t\t\t<\/div>\n\t\t\t\t<\/div>\n\t\t\t\t\t<\/div>\n\t\t<\/div>\n\t\t\t\t\t<\/div>\n\t\t<\/section>\n\t\t\t\t<\/div>\n\t\t","protected":false},"excerpt":{"rendered":"<p>Koivun Juurisyyanalyysi Saat kolmessa p\u00e4iv\u00e4ss\u00e4 faktapohjaisen analyysin nykyisest\u00e4 hinnoitteluprosessistasi. Juurisyyanalyysin tarkoitus on: 1. Tunnistaa nykyisen prosessin p\u00e4\u00e4haasteet 2. L\u00f6yt\u00e4\u00e4 juurisyyt 3. M\u00e4\u00e4ritell\u00e4 ratkaisu ja laskea liiketoiminnalliset hy\u00f6dyt Testattu konsepti (Proof of Concept) Koivun testattu konsepti havainnollistaa Koivu Pricing Suiten toiminnallisuuden ja varmistaa sen sopivuuden liiketoimintasi tarpeisiin. Jos yrityksesi k\u00e4ytt\u00e4\u00e4 Exceli\u00e4 hinnoittelussa, Koivu voi rakentaa ketter\u00e4n&hellip;<\/p>\n","protected":false},"author":1,"featured_media":0,"parent":0,"menu_order":4,"comment_status":"closed","ping_status":"closed","template":"","meta":{"inline_featured_image":false,"footnotes":""},"class_list":["post-10238","page","type-page","status-publish","hentry"],"_links":{"self":[{"href":"https:\/\/koivusolutions.com\/index.php\/wp-json\/wp\/v2\/pages\/10238","targetHints":{"allow":["GET"]}}],"collection":[{"href":"https:\/\/koivusolutions.com\/index.php\/wp-json\/wp\/v2\/pages"}],"about":[{"href":"https:\/\/koivusolutions.com\/index.php\/wp-json\/wp\/v2\/types\/page"}],"author":[{"embeddable":true,"href":"https:\/\/koivusolutions.com\/index.php\/wp-json\/wp\/v2\/users\/1"}],"replies":[{"embeddable":true,"href":"https:\/\/koivusolutions.com\/index.php\/wp-json\/wp\/v2\/comments?post=10238"}],"version-history":[{"count":3,"href":"https:\/\/koivusolutions.com\/index.php\/wp-json\/wp\/v2\/pages\/10238\/revisions"}],"predecessor-version":[{"id":10823,"href":"https:\/\/koivusolutions.com\/index.php\/wp-json\/wp\/v2\/pages\/10238\/revisions\/10823"}],"wp:attachment":[{"href":"https:\/\/koivusolutions.com\/index.php\/wp-json\/wp\/v2\/media?parent=10238"}],"curies":[{"name":"wp","href":"https:\/\/api.w.org\/{rel}","templated":true}]}}