{"id":10356,"date":"2020-04-11T16:34:59","date_gmt":"2020-04-11T15:34:59","guid":{"rendered":"https:\/\/koivusolutions.com\/?page_id=10356"},"modified":"2022-05-06T11:33:44","modified_gmt":"2022-05-06T11:33:44","slug":"ura-koivulla","status":"publish","type":"page","link":"https:\/\/koivusolutions.com\/index.php\/fi\/ura-koivulla\/","title":{"rendered":"Ura Koivulla"},"content":{"rendered":"\t\t<div data-elementor-type=\"wp-page\" data-elementor-id=\"10356\" class=\"elementor elementor-10356\" data-elementor-post-type=\"page\">\n\t\t\t\t\t\t<section class=\"elementor-section elementor-top-section elementor-element elementor-element-34638927 elementor-section-height-min-height elementor-section-items-stretch elementor-section-content-middle elementor-reverse-mobile elementor-section-boxed elementor-section-height-default\" data-id=\"34638927\" data-element_type=\"section\">\n\t\t\t\t\t\t<div class=\"elementor-container elementor-column-gap-no\">\n\t\t\t\t\t<div class=\"elementor-column elementor-col-100 elementor-top-column elementor-element elementor-element-2994f422\" data-id=\"2994f422\" data-element_type=\"column\" data-settings=\"{&quot;background_background&quot;:&quot;classic&quot;}\">\n\t\t\t<div class=\"elementor-widget-wrap elementor-element-populated\">\n\t\t\t\t\t\t<section class=\"elementor-section elementor-inner-section elementor-element elementor-element-5ddba3dc elementor-section-boxed elementor-section-height-default elementor-section-height-default\" data-id=\"5ddba3dc\" data-element_type=\"section\">\n\t\t\t\t\t\t<div class=\"elementor-container elementor-column-gap-wider\">\n\t\t\t\t\t<div class=\"elementor-column elementor-col-50 elementor-inner-column elementor-element elementor-element-653195ff\" data-id=\"653195ff\" data-element_type=\"column\">\n\t\t\t<div class=\"elementor-widget-wrap elementor-element-populated\">\n\t\t\t\t\t\t<div class=\"elementor-element elementor-element-e750561 elementor-widget elementor-widget-image\" data-id=\"e750561\" data-element_type=\"widget\" data-widget_type=\"image.default\">\n\t\t\t\t<div class=\"elementor-widget-container\">\n\t\t\t\t\t\t\t\t\t\t\t\t\t<img fetchpriority=\"high\" decoding=\"async\" width=\"520\" height=\"520\" src=\"https:\/\/koivusolutions.com\/wp-content\/uploads\/2022\/04\/Koivu-careers.png\" class=\"attachment-large size-large wp-image-9866\" alt=\"\" srcset=\"https:\/\/koivusolutions.com\/wp-content\/uploads\/2022\/04\/Koivu-careers.png 520w, https:\/\/koivusolutions.com\/wp-content\/uploads\/2022\/04\/Koivu-careers-300x300.png 300w, https:\/\/koivusolutions.com\/wp-content\/uploads\/2022\/04\/Koivu-careers-150x150.png 150w\" sizes=\"(max-width: 520px) 100vw, 520px\" \/>\t\t\t\t\t\t\t\t\t\t\t\t\t<\/div>\n\t\t\t\t<\/div>\n\t\t\t\t\t<\/div>\n\t\t<\/div>\n\t\t\t\t<div class=\"elementor-column elementor-col-50 elementor-inner-column elementor-element elementor-element-21a414e6\" data-id=\"21a414e6\" data-element_type=\"column\">\n\t\t\t<div class=\"elementor-widget-wrap elementor-element-populated\">\n\t\t\t\t\t\t<div class=\"elementor-element elementor-element-aecfe85 elementor-widget elementor-widget-text-editor\" data-id=\"aecfe85\" data-element_type=\"widget\" data-widget_type=\"text-editor.default\">\n\t\t\t\t<div class=\"elementor-widget-container\">\n\t\t\t\t\t\t\t<p>Etsimme koko ajan uusia loistavia kollegoita. L\u00e4het\u00e4 meille CV:si ja jutellaan lis\u00e4\u00e4. Koivu kohtelee ty\u00f6ntekij\u00f6it\u00e4\u00e4n tasavertaisesti.<\/p>\t\t\t\t\t\t<\/div>\n\t\t\t\t<\/div>\n\t\t\t\t<div class=\"elementor-element elementor-element-80fa546 elementor-widget elementor-widget-spacer\" data-id=\"80fa546\" data-element_type=\"widget\" data-widget_type=\"spacer.default\">\n\t\t\t\t<div class=\"elementor-widget-container\">\n\t\t\t\t\t<div class=\"elementor-spacer\">\n\t\t\t<div class=\"elementor-spacer-inner\"><\/div>\n\t\t<\/div>\n\t\t\t\t<\/div>\n\t\t\t\t<\/div>\n\t\t\t\t<div class=\"elementor-element elementor-element-d4d16e4 elementor-widget elementor-widget-text-editor\" data-id=\"d4d16e4\" data-element_type=\"widget\" data-widget_type=\"text-editor.default\">\n\t\t\t\t<div class=\"elementor-widget-container\">\n\t\t\t\t\t\t\t<p>Oletko kiinnostunut tiet\u00e4m\u00e4\u00e4n Koivusta lis\u00e4\u00e4? Ota yhteytt\u00e4 nappia painamalla.<\/p>\t\t\t\t\t\t<\/div>\n\t\t\t\t<\/div>\n\t\t\t\t<div class=\"elementor-element elementor-element-d7b1414 elementor-widget elementor-widget-spacer\" data-id=\"d7b1414\" data-element_type=\"widget\" data-widget_type=\"spacer.default\">\n\t\t\t\t<div class=\"elementor-widget-container\">\n\t\t\t\t\t<div class=\"elementor-spacer\">\n\t\t\t<div class=\"elementor-spacer-inner\"><\/div>\n\t\t<\/div>\n\t\t\t\t<\/div>\n\t\t\t\t<\/div>\n\t\t\t\t<div class=\"elementor-element elementor-element-2c97583 elementor-widget__width-auto elementor-widget elementor-widget-the7_button_widget\" data-id=\"2c97583\" data-element_type=\"widget\" data-widget_type=\"the7_button_widget.default\">\n\t\t\t\t<div class=\"elementor-widget-container\">\n\t\t\t<div class=\"elementor-button-wrapper\"><a href=\"mailto:contactus@koivusolutions.com?subject=Contact\" target=\"_blank\" class=\"box-button elementor-button elementor-size-lg\">Ota yhteytt\u00e4<\/a><\/div>\t\t<\/div>\n\t\t\t\t<\/div>\n\t\t\t\t\t<\/div>\n\t\t<\/div>\n\t\t\t\t\t<\/div>\n\t\t<\/section>\n\t\t\t\t\t<\/div>\n\t\t<\/div>\n\t\t\t\t\t<\/div>\n\t\t<\/section>\n\t\t\t\t<section class=\"elementor-section elementor-top-section elementor-element elementor-element-7e2662ab elementor-section-boxed elementor-section-height-default elementor-section-height-default\" data-id=\"7e2662ab\" data-element_type=\"section\">\n\t\t\t\t\t\t<div class=\"elementor-container elementor-column-gap-default\">\n\t\t\t\t\t<div class=\"elementor-column elementor-col-100 elementor-top-column elementor-element elementor-element-42cab60a\" data-id=\"42cab60a\" data-element_type=\"column\">\n\t\t\t<div class=\"elementor-widget-wrap\">\n\t\t\t\t\t\t\t<\/div>\n\t\t<\/div>\n\t\t\t\t\t<\/div>\n\t\t<\/section>\n\t\t\t\t<\/div>\n\t\t","protected":false},"excerpt":{"rendered":"<p>Etsimme koko ajan uusia loistavia kollegoita. L\u00e4het\u00e4 meille CV:si ja jutellaan lis\u00e4\u00e4. Koivu kohtelee ty\u00f6ntekij\u00f6it\u00e4\u00e4n tasavertaisesti. Oletko kiinnostunut tiet\u00e4m\u00e4\u00e4n Koivusta lis\u00e4\u00e4? Ota yhteytt\u00e4 nappia painamalla. Ota yhteytt\u00e4<\/p>\n","protected":false},"author":1,"featured_media":0,"parent":0,"menu_order":120,"comment_status":"closed","ping_status":"closed","template":"","meta":{"inline_featured_image":false,"footnotes":""},"class_list":["post-10356","page","type-page","status-publish","hentry"],"_links":{"self":[{"href":"https:\/\/koivusolutions.com\/index.php\/wp-json\/wp\/v2\/pages\/10356","targetHints":{"allow":["GET"]}}],"collection":[{"href":"https:\/\/koivusolutions.com\/index.php\/wp-json\/wp\/v2\/pages"}],"about":[{"href":"https:\/\/koivusolutions.com\/index.php\/wp-json\/wp\/v2\/types\/page"}],"author":[{"embeddable":true,"href":"https:\/\/koivusolutions.com\/index.php\/wp-json\/wp\/v2\/users\/1"}],"replies":[{"embeddable":true,"href":"https:\/\/koivusolutions.com\/index.php\/wp-json\/wp\/v2\/comments?post=10356"}],"version-history":[{"count":0,"href":"https:\/\/koivusolutions.com\/index.php\/wp-json\/wp\/v2\/pages\/10356\/revisions"}],"wp:attachment":[{"href":"https:\/\/koivusolutions.com\/index.php\/wp-json\/wp\/v2\/media?parent=10356"}],"curies":[{"name":"wp","href":"https:\/\/api.w.org\/{rel}","templated":true}]}}